{"id":160590,"date":"2024-11-20T10:37:50","date_gmt":"2024-11-20T09:37:50","guid":{"rendered":"https:\/\/homeogarden.com\/sl\/?page_id=160590"},"modified":"2024-11-20T21:52:34","modified_gmt":"2024-11-20T20:52:34","slug":"politika-zasebnosti","status":"publish","type":"page","link":"https:\/\/homeogarden.com\/sl\/politika-zasebnosti\/","title":{"rendered":"Politika zasebnosti"},"content":{"rendered":"<ol>\n<li><strong>Uvod<\/strong><\/li>\n<\/ol>\n<p>Dolo\u010dbe o varovanju osebnih podatkov, ki ga izvaja HomeOgarden d.o.o (v nadaljevanju HomeOgarden ali upravljavec), veljajo kot Splo\u0161ne informacije o varovanju osebnih podatkov (v nadaljevanju splo\u0161ni pogoji). Obiskovalec spletne strani se z obiskom spletne strani <a href=\"http:\/\/www.homeogarden.com\">www.homeogarden.com<\/a> strinja s spodaj navedenimi dolo\u010dili in Pogoji uporabe spletne strani. Zbrane osebne podatke bo\u00a0upravljavec porabljal izklju\u010dno za storitve, ki jih ponuja.<\/p>\n<p>Pri podjetju HomeOgarden se zavedamo pomena varovanja osebnih podatkov in zasebnosti, saj gre za temeljno \u010dlovekovo pravico in zato ravnamo v skladu z vsakokratno veljavno zakonodajo in predpisi, ki urejajo varstvo osebnih podatkov.<\/p>\n<p>Upravljavec za potrebe izvajanja svoje osnovne dejavnosti pridobiva osebne podatke strank iz razli\u010dnih virov. Zaposleni pri podjetju HomeOgarden zbirajo in obdelujejo podatke v skladu s predpisi in v okviru svojih slu\u017ebenih pooblastil.<\/p>\n<p>Upravljavec se obvezuje, da bodo osebni podatki hranjeni s potrebno skrbnostjo ter najvi\u0161jimi standardi varnosti in bodo hranjeni, obdelovani in varovani s skladno z relevantno zakonodajo na tem podro\u010dju (Zakon o varstvu osebnih podatkov, Zakon o elektronskih komunikacijah, Splo\u0161na uredba o varstvu osebnih podatkov in drugi predpisi, ki urejajo to podro\u010dje).<\/p>\n<p>Upravljavec se obvezuje, da bodo zbrani osebni podatki, ki bodo posredovani preko spletne strani, uporabljeni v skladu z dolo\u010dili o varovanju osebnih podatkov, da osebnih podatkov ne bo prodajalo, posojalo ali kakorkoli druga\u010de posredovalo tretjim osebam, razen v zakonsko dolo\u010denih primerih.<\/p>\n<ol start=\"2\">\n<li><strong>Podatki o upravljavcu osebnih podatkov<\/strong><\/li>\n<\/ol>\n<p><strong>Upravljavec<\/strong> osebnih podatkov je HomeOgarden d.o.o<br \/>\n<strong>Dav\u010dna \u0161tevilka\u00a0SI:<\/strong>\u00a095662944<br \/>\n<strong>Mati\u010dna \u0161tevilka:<\/strong>\u00a06259014000<br \/>\n<strong>Sede\u017e:<\/strong> Ka\u0161eljska cesta 144,\u00a0Ljubljana,\u00a01260\u00a0LJUBLJANA-POLJE<br \/>\n<strong>Telefon:<\/strong> 030 315522<br \/>\n<strong>Email:<\/strong>\u00a0<a href=\"mailto:info@homeogarden.com\">info@homeogarden.com<\/a><\/p>\n<ol start=\"3\">\n<li><strong>Zbiranje in uporaba osebnih podatkov<\/strong><\/li>\n<\/ol>\n<p>Va\u0161e podatke zbiramo in obdelujemo v skladu s predpisi, ki urejajo varstvo osebnih podatkov ali obdelavo posameznih osebnih podatkov.<\/p>\n<p>Upravljavec teh podatkov ne bo uporabil v namen, ki bi kakorkoli \u0161kodoval uporabniku ali drugi vpleteni osebi.\u00a0Upravljavec bo podatke uporabnikov uporabil proces odpo\u0161iljanja in obve\u0161\u010danja o naro\u010denih izdelkov in za po\u0161iljanje promocijske e-po\u0161te ter SMS sporo\u010dil za spletno trgovino\u00a0<a href=\"http:\/\/www.homeogarden.com\/\">www.homeogarden.com<\/a>. Vsi uporabniki se lahko odjavijo od vseh promocijskih sporo\u010dil. Upravljavec lahko podatke v anonimizirani sumarni obliki uporabi za namene statisti\u010dnih analiz. Zaupnost osebnih in drugih podatkov uporabnikov ne bo kr\u0161ena v nobeni obliki.<\/p>\n<p>Dostavni slu\u017ebi (npr. Po\u0161ta Slovenij, DPD, GLS\u00a0 ipd.) bo\u00a0Upravljavec zaupal le potrebne podatke za dostavo v spletni trgovini kupljenih izdelkov.<\/p>\n<p>Upravljavec ne bo pod nobenim pogojem brez izrecnega dovoljenja uporabnika posredoval osebnih oz. drugih podatkov uporabnika tretji osebi oz. ne bo omogo\u010dil tretji osebi, da vpogleda v osebne oz. druge podatke uporabnika, razen \u010de bi to od njega zahtevale dr\u017eavne oblasti, \u010de je taka obveznost dolo\u010dena v zakonu.<\/p>\n<p>Registrirani uporabniki lahko kadarkoli prenehajo uporabljati spletno trgovino in lahko prekli\u010dejo svojo registracijo. To storijo tako, da s pisno izjavo sporo\u010dijo preklic registracije.<\/p>\n<p>Za pravilnost, popolnost in a\u017eurnost podatkov, ki jih vnesejo uporabniki,\u00a0Upravljavec\u00a0ne odgovarja.<\/p>\n<p><strong>a) Obisk spletne strani.<\/strong><\/p>\n<p>Dolo\u010deni podatki obiskovalca spletne strani se uporabljajo za namene izbolj\u0161anje uporabni\u0161ke izku\u0161nje in za namene spremljanja in analize spletne strani.<\/p>\n<p>Ob obisku spletne strani se zbirajo naslednji podatki: <strong>IP naslov; URL naslov spletne strani, iz katere dostopate do na\u0161e spletne strani; nastavitve brskalnika in informacije o operacijskem sistemu ra\u010dunalnika ali mobilnega aparata; vsebine, do katerih dostopate na spletni strani; datum dostopa in trajanje obiska spletne strani, druge podatke, ki jih uporabnik prostovoljno doda naknadno v svojem profilu.<\/strong><\/p>\n<p><strong>b) Naro\u010dilo oziroma nakup produkta na spletni strani.<\/strong><\/p>\n<p>V primeru nakupa produkta podjetja HomeOgarden je potrebno za uspe\u0161no naro\u010dilo prostovoljno posredovati naslednje podatke: <strong>ime in priimek, dr\u017eava, hi\u0161no \u0161tevilko in ulico, po\u0161tno \u0161tevilko, mesto, telefon, e-po\u0161tni naslov in druge podatke, ki jih uporabnik prostovoljno vnese v obrazce v spletni trgovini<\/strong>; <strong>podjetje oz. naziv pravne osebe\u00a0 in dav\u010dno \u0161tevilko (\u010de je uporabnik pravna oseba)<\/strong>.<\/p>\n<p>Vsi podatki, ki so zbrani v postopku nakupa produktov, se zbirajo z namenom opravljanja osnovne dejavnosti podjetja HomeOgarden in se uporabljajo za potrebe izvedbe in dostave naro\u010dila.<\/p>\n<p><strong>c) Naro\u010dilo na e-novice.<\/strong><\/p>\n<p>Za namene obve\u0161\u010danja o sve\u017eih vrtnarskih novicah, drugih pomembnih informacijah, aktualni ponudbi ali akcijah, dogodkih in nagradnih igrah, se lahko prijavite na na\u0161e e-novice. Privolitev mora biti prostovoljna in nedvoumna.<\/p>\n<p>Od prejemanja e-novic se lahko kadarkoli odjavite.<\/p>\n<p><strong>d) Podaja pohvale ali prito\u017ebe.<\/strong><\/p>\n<p>Za namene podajanja odgovorov na va\u0161e pohvale ali prito\u017ebe.<\/p>\n<p><strong>e) Izvedba nagradnih iger.<\/strong><\/p>\n<p>Podjetje HomeOgarden prireja tudi nagradne igre. V tem primeru upravljavec obdeluje podatke za namene organizacije, obve\u0161\u010danja o poteku in nagrajencih.<\/p>\n<p><strong>f) Drugi primeri, dolo\u010deni s to politiko.<\/strong><\/p>\n<ol start=\"4\">\n<li><strong>Pravne podlage obdelave osebnih podatkov in nameni obdelave<\/strong><\/li>\n<\/ol>\n<p><strong style=\"font-size: 16px;\">a) Obdelava osebnih podatkov za potrebe izvajanja pogodb<\/strong><\/p>\n<p>HomeOgarden navedene osebne podatke uporablja izklju\u010dno za potrebe izpolnitve naro\u010dila (po\u0161iljanje informativnega gradiva, ponudb, ra\u010dunov) in ostalo potrebno komunikacijo z uporabnikom (spremljanje zadovoljstva strank; vodenja kontaktov s stranko prek razli\u010dnih kanalov).<\/p>\n<p><strong>b) Obdelava osebnih podatkov v zakonitem interesu podjetja HomeOgarden<\/strong><\/p>\n<p>Zagotovitev in obdelava osebnih podatkov je pogodbena obveznost strank, pravna podlaga za obdelavo pa temelji na zakonih, ki urejajo pogodbena in civilno pravna razmerja (predvsem opravilno sposobnost oseb mlaj\u0161ih od 15 let, od\u0161kodninsko odgovornost, ipd.), kot na primer Obligacijski zakonik, Kazenski zakonik, Zakon o varstvu potro\u0161nikov ter relevantna evropska zakonodaja, ki se nana\u0161a na po\u0161tene poslovne prakse in varstvo potro\u0161nikov.<\/p>\n<p><strong>c) Obdelava osebnih podatkov na podlagi privolitve stranke<\/strong><\/p>\n<p>Upravljavec obdeluje podatke stranke, ko ta prostovoljno in nedvoumno poda privolitev za namene izvajanja tr\u017eenjskih aktivnosti uporavljavca kot so obve\u0161\u010danje o nasvetih, aktualni ponudbi in akcijah, dogodkih in podobno ter za izvajanje raziskav in statisti\u010dne obdelave podatkov o strankeh ter za ugotavljanje uporabe storitev, prilagajanje ponudbe ter izvajanje segmentacije in profiliranja.<\/p>\n<p>Stranka lahko svojo privolitev kadarkoli prekli\u010de.<\/p>\n<ol start=\"5\">\n<li><strong>Hramba osebnih podatkov<\/strong><\/li>\n<\/ol>\n<p>Je odvisna od namena in podlage obdelave osebnih podatkov. Ti se hranijo le toliko \u010dasa, kolikor je potrebno za dosego namena, zaradi katerega so se zbirali ali nadalje obdelovali. Osebni podatki se po izpolnitvi namena obdelav, \u010de ne obstaja druga pravna podlaga ali \u010de je to potrebno za uveljavljanje, izvajanje ali obrambo pravnih zahtevkov, zbri\u0161ejo, uni\u010dijo, blokirajo ali anonimizirajo.<\/p>\n<ol start=\"6\">\n<li><strong>Pravice posameznikov<\/strong><\/li>\n<\/ol>\n<p><strong>a) Pravica do dostopa:<\/strong> upravljavec vam mora potrditi, ali se v zvezi z vami obdelujejo osebni podatki; in kadar je temu tako, dostop do osebnih podatkov in naslednje informacije: namen obdelave, vrste zadevnih osebnih podatkov, uporabnike ali kategorije uporabnika, ki so jim bili ali jim bodo razkriti osebni podatki, zlasti uporabnike v tretjih dr\u017eavah ali mednarodnih organizacijah, kadar je mogo\u010de, predvideno obdobje hrambe osebnih podatkov ali, \u010de to ni mogo\u010de, merila, ki se uporabijo za dolo\u010ditev tega obdobja, obstoj pravice, da se od upravljavca zahteva popravek ali izbris osebnih podatkov ali omejitev obdelave osebnih podatkov v zvezi s posameznikom, ali obstoj pravice do ugovora taki obdelavi, pravico do vlo\u017eitve prito\u017ebe pri nadzornem organu, kadar osebni podatki niso zbrani pri posamezniku, na katerega se ti nana\u0161ajo, vse razpolo\u017eljive informacije v zvezi z njihovim virom, obstoj avtomatiziranega sprejemanja odlo\u010ditev, vklju\u010dno z oblikovanjem profilov, ter vsaj v takih primerih smiselne informacije o razlogih zanj, kot tudi pomen in predvidene posledice take obdelave za posameznika, na katerega se nana\u0161ajo osebni podatki.<\/p>\n<p><strong>b) Pravica do popravka:<\/strong> ppsameznik, na katerega se nana\u0161ajo osebni podatki, ima pravico dose\u010di, da upravljavec brez nepotrebnega odla\u0161anja popravi neto\u010dne osebne podatke v zvezi z njim. Posameznik, na katerega se nana\u0161ajo osebni podatki, ima ob upo\u0161tevanju namenov obdelave, pravico do dopolnitve nepopolnih osebnih podatkov, vklju\u010dno s predlo\u017eitvijo dopolnilne izjave.<\/p>\n<p><strong>c) Pravica do izbrisa:<\/strong> posameznik, na katerega se nana\u0161ajo osebni podatki, ima pravico dose\u010di, da upravljavec brez nepotrebnega odla\u0161anja izbri\u0161e osebne podatke v zvezi z njim, upravljavec pa ima obveznost osebne podatke brez nepotrebnega odla\u0161anja izbrisati, kadar velja eden od naslednjih razlogov: (1) osebni podatki niso ve\u010d potrebni v namene, za katere so bili zbrani ali kako druga\u010de obdelani, (2) posameznik, prekli\u010de privolitev, na podlagi katere poteka obdelava in kadar za obdelavo ne obstaja nobena druga pravna podlaga, (3) posameznik, obdelavi ugovarja, za njihovo obdelavo pa ne obstajajo nobeni prevladujo\u010di zakoniti razlogi, (4) osebni podatki so bili obdelani nezakonito, (5) \u010de tako dolo\u010da zakon.<\/p>\n<p><strong>d) Pravica do omejitve obdelave:<\/strong> posameznik, na katerega se nana\u0161ajo osebni podatki, ima pravico dose\u010di, da upravljavec omeji obdelavo, kadar velja en od naslednjih primerov: (1) posameznik oporeka to\u010dnosti podatkov, in sicer za obdobje, ki upravljavcu omogo\u010da preveriti to\u010dnost osebnih podatkov, (2) je obdelava nezakonita in posameznik nasprotuje izbrisu osebnih podatkov, ter namesto tega zahteva omejitev njihove uporabe, (3) upravljavec osebnih podatkov ne potrebuje ve\u010d za namene obdelave, temve\u010d jih posameznik potrebuje za uveljavljanje, izvajanje ali obrambo pravnih zahtevkov, (4) je posameznik vlo\u017eil ugovor v skladu s v zvezi z obdelavo podatkov, dokler se ne preveri, ali zakoniti razlogi upravljavca prevladajo nad razlogi posameznika.<\/p>\n<p><strong>e) Pravica do prenosljivosti podatkov: <\/strong>posameznik, na katerega se nana\u0161ajo osebni podatki, ima pravico, da prejme osebne podatke v zvezi z njim, ki jih je posedoval upravljavcu, v strukturirani, splo\u0161no uporabljani in strojno berljivi obliki.<\/p>\n<p><strong>f) Pravica do ugovora:<\/strong> Pravica do ugovora vsebinsko pomeni, da posameznik upravljavcu prepove uporabo profila, ki ga je ustvaril na podlagi podatkov, ki se nana\u0161ajo nanj. Pravico do ugovora lahko posameznik uveljavlja le v naslednjih primerih:<\/p>\n<p>Kadar upravljavec obdeluje profil posameznika na podlagi zakonitega interesa po dolo\u010dbi to\u010dke (f) 1. odstavka 6. \u010dlena GDPR ali v okviru opravljanja nalog v javnem interesu po to\u010dki (e) 1. odstavka 6. \u010dlena GDPR, pa upravljavec ne izka\u017ee nujnih legitimnih razlogov za tak\u0161no obdelavo, ki prevladajo nad interesi, pravicami in svobo\u0161\u010dinami posameznika, na katerega se nana\u0161ajo osebni podatki, ali ne izka\u017ee, da je obdelava potrebna za uveljavljanje ali izvajanje pravnih zahtevkov oziroma nasprotovanje pravnim zahtevkom;<\/p>\n<p>Kadar upravljavec obdeluje profil posameznika za namene neposrednega tr\u017eenja.<\/p>\n<p>upravljavec profilov posameznikov ne obdeluje na podlagi zakonitega interesa ali v okviru opravljanja nalog v javnem interesu, ampak jih obdeluje izklju\u010dno na podlagi privolitve posameznika, za namene izvajanja pogodbe, sklenjene s posameznikom, oziroma za namen pogajanj za sklenitev pogodbe s posameznikom, ter neposredno na podlagi zakona.<\/p>\n<p>Ker upravljavec profile posameznikov za namene neposrednega tr\u017eenja obdeluje izklju\u010dno na podlagi privolitve posameznika, bo upravljavec v primerih, ko posameznik nasprotuje tak\u0161ni obdelavi podatkov, \u0161tel, da preklicuje privolitev.<\/p>\n<p><strong>7. Oblikovanje profilov<\/strong><\/p>\n<p>Dolo\u010dene podatke upravljavec uporablja za ovrednotenje oziroma oceno, kak\u0161na vsebina komunikacije bi bila za vas najbolj zanimiva in koristna. S tem \u017eelimo pove\u010dati mo\u017enost, da vam predstavimo \u010dim bolj relevantne izdelke ali storitve. S tem namenom posameznike lahko razvr\u0161\u010damo v razli\u010dne skupine (profile), s katerimi komuniciramo razli\u010dno oziroma prilagojeno (individualizirano). To pomeni, da razli\u010dne skupine (profili) posameznikov prejemajo tr\u017ena sporo\u010dila z razli\u010dno vsebino, lahko tudi vklju\u010dno z nakupnimi pogoji (npr. popusti ali pla\u010dilni pogoji). Pri razvr\u0161\u010danju posameznikov v skupine (profile) lahko spremljamo, bele\u017eimo in uporabljamo tudi odziv posameznika na tr\u017ena sporo\u010dila, npr. odpiranje e-po\u0161tnih sporo\u010dil, kliki na povezave, \u010das, ki ga posameznik pre\u017eivi na dolo\u010deni povezavi ipd.<\/p>\n<ol start=\"8\">\n<li><strong>Odgovornost uporabnika<\/strong><\/li>\n<\/ol>\n<p>Za varovanje osebnih podatkov je odgovoren tudi uporabnik sam, in sicer tako, da poskrbi za varnost svojega e-mail naslova, uporabni\u0161kega imena in gesla ter ustrezno programsko (protivirusno) za\u0161\u010dito svojega ra\u010dunalnika.<\/p>\n<ol start=\"9\">\n<li><strong>Dodatna pojasnila<\/strong><\/li>\n<\/ol>\n<p>\u010ce imate vpra\u0161anja, te\u017eave ali pripombe glede te politike zasebnosti, nam to lahko sporo\u010dite na elektronski naslov: <a href=\"mailto:info@homeogarden.com\">info@homeogarden.com<\/a>.<\/p>\n<ol start=\"10\">\n<li><strong>Kon\u010dne dolo\u010dbe<\/strong><\/li>\n<\/ol>\n<p>Upravljavec si pridru\u017euje pravico do sprememb ali dopolnitev teh Splo\u0161nih informacij za zagotavljanje skladnosti s predpisi s podro\u010dja varstva osebnih podatkov.<\/p>\n","protected":false},"excerpt":{"rendered":"<p>Uvod Dolo\u010dbe o varovanju osebnih podatkov, ki ga izvaja HomeOgarden d.o.o (v nadaljevanju HomeOgarden ali upravljavec), veljajo kot Splo\u0161ne informacije o varovanju osebnih podatkov (v nadaljevanju splo\u0161ni pogoji). Obiskovalec spletne strani se z obiskom spletne strani www.homeogarden.com strinja s spodaj navedenimi dolo\u010dili in Pogoji uporabe spletne strani. Zbrane osebne podatke bo\u00a0upravljavec porabljal izklju\u010dno za storitve, [&#8230;]\n","protected":false},"author":1,"featured_media":0,"parent":0,"menu_order":0,"comment_status":"closed","ping_status":"closed","template":"","meta":{"_acf_changed":false,"footnotes":""},"class_list":["post-160590","page","type-page","status-publish","hentry"],"acf":[],"yoast_head":"<!-- This site is optimized with the Yoast SEO Premium plugin v24.0 (Yoast SEO v26.0) - https:\/\/yoast.com\/wordpress\/plugins\/seo\/ -->\n<title>Politika zasebnosti - Homeogarden<\/title>\n<meta name=\"robots\" content=\"index, follow, max-snippet:-1, max-image-preview:large, max-video-preview:-1\" \/>\n<link rel=\"canonical\" href=\"https:\/\/homeogarden.com\/sl\/politika-zasebnosti\/\" \/>\n<meta property=\"og:locale\" content=\"sl_SI\" \/>\n<meta property=\"og:type\" content=\"article\" \/>\n<meta property=\"og:title\" content=\"Politika zasebnosti\" \/>\n<meta property=\"og:description\" content=\"Uvod Dolo\u010dbe o varovanju osebnih podatkov, ki ga izvaja HomeOgarden d.o.o (v nadaljevanju HomeOgarden ali upravljavec), veljajo kot Splo\u0161ne informacije o varovanju osebnih podatkov (v nadaljevanju splo\u0161ni pogoji). Obiskovalec spletne strani se z obiskom spletne strani www.homeogarden.com strinja s spodaj navedenimi dolo\u010dili in Pogoji uporabe spletne strani. Zbrane osebne podatke bo\u00a0upravljavec porabljal izklju\u010dno za storitve, [...]\" \/>\n<meta property=\"og:url\" content=\"https:\/\/homeogarden.com\/sl\/politika-zasebnosti\/\" \/>\n<meta property=\"og:site_name\" content=\"Homeogarden\" \/>\n<meta property=\"article:publisher\" content=\"https:\/\/www.facebook.com\/Homeogarden.slovenija\" \/>\n<meta property=\"article:modified_time\" content=\"2024-11-20T20:52:34+00:00\" \/>\n<meta property=\"og:image\" content=\"https:\/\/homeogarden.com\/sl\/wp-content\/uploads\/sites\/2\/2024\/10\/vrtickarski-nasveti-1-440x427-1.jpg\" \/>\n\t<meta property=\"og:image:width\" content=\"440\" \/>\n\t<meta property=\"og:image:height\" content=\"427\" \/>\n\t<meta property=\"og:image:type\" content=\"image\/jpeg\" \/>\n<meta name=\"twitter:card\" content=\"summary_large_image\" \/>\n<meta name=\"twitter:label1\" content=\"Est. reading time\" \/>\n\t<meta name=\"twitter:data1\" content=\"10 minut\" \/>\n<script type=\"application\/ld+json\" class=\"yoast-schema-graph\">{\"@context\":\"https:\/\/schema.org\",\"@graph\":[{\"@type\":\"WebPage\",\"@id\":\"https:\/\/homeogarden.com\/sl\/politika-zasebnosti\/\",\"url\":\"https:\/\/homeogarden.com\/sl\/politika-zasebnosti\/\",\"name\":\"Politika zasebnosti - Homeogarden\",\"isPartOf\":{\"@id\":\"https:\/\/homeogarden.com\/sl\/#website\"},\"datePublished\":\"2024-11-20T09:37:50+00:00\",\"dateModified\":\"2024-11-20T20:52:34+00:00\",\"breadcrumb\":{\"@id\":\"https:\/\/homeogarden.com\/sl\/politika-zasebnosti\/#breadcrumb\"},\"inLanguage\":\"sl-SI\",\"potentialAction\":[{\"@type\":\"ReadAction\",\"target\":[\"https:\/\/homeogarden.com\/sl\/politika-zasebnosti\/\"]}]},{\"@type\":\"BreadcrumbList\",\"@id\":\"https:\/\/homeogarden.com\/sl\/politika-zasebnosti\/#breadcrumb\",\"itemListElement\":[{\"@type\":\"ListItem\",\"position\":1,\"name\":\"Domov\",\"item\":\"https:\/\/homeogarden.com\/sl\/\"},{\"@type\":\"ListItem\",\"position\":2,\"name\":\"Politika zasebnosti\"}]},{\"@type\":\"WebSite\",\"@id\":\"https:\/\/homeogarden.com\/sl\/#website\",\"url\":\"https:\/\/homeogarden.com\/sl\/\",\"name\":\"Homeogarden.com\",\"description\":\"Ustvarjamo naravno okolje\",\"publisher\":{\"@id\":\"https:\/\/homeogarden.com\/sl\/#organization\"},\"potentialAction\":[{\"@type\":\"SearchAction\",\"target\":{\"@type\":\"EntryPoint\",\"urlTemplate\":\"https:\/\/homeogarden.com\/sl\/?s={search_term_string}\"},\"query-input\":{\"@type\":\"PropertyValueSpecification\",\"valueRequired\":true,\"valueName\":\"search_term_string\"}}],\"inLanguage\":\"sl-SI\"},{\"@type\":\"Organization\",\"@id\":\"https:\/\/homeogarden.com\/sl\/#organization\",\"name\":\"Homeogarden\",\"url\":\"https:\/\/homeogarden.com\/sl\/\",\"logo\":{\"@type\":\"ImageObject\",\"inLanguage\":\"sl-SI\",\"@id\":\"https:\/\/homeogarden.com\/sl\/#\/schema\/logo\/image\/\",\"url\":\"https:\/\/homeogarden.com\/sl\/wp-content\/uploads\/sites\/2\/2024\/12\/HomeOgarden-logo.jpg\",\"contentUrl\":\"https:\/\/homeogarden.com\/sl\/wp-content\/uploads\/sites\/2\/2024\/12\/HomeOgarden-logo.jpg\",\"width\":1200,\"height\":1200,\"caption\":\"Homeogarden\"},\"image\":{\"@id\":\"https:\/\/homeogarden.com\/sl\/#\/schema\/logo\/image\/\"},\"sameAs\":[\"https:\/\/www.facebook.com\/Homeogarden.slovenija\"],\"email\":\"info@homeogarden.com\",\"telephone\":\"030315522\",\"legalName\":\"HomeOgarden d.o.o.\",\"foundingDate\":\"2012-11-12\",\"vatID\":\"si95662944\",\"numberOfEmployees\":{\"@type\":\"QuantitativeValue\",\"minValue\":\"1\",\"maxValue\":\"10\"}}]}<\/script>\n<!-- \/ Yoast SEO Premium plugin. -->","yoast_head_json":{"title":"Politika zasebnosti - Homeogarden","robots":{"index":"index","follow":"follow","max-snippet":"max-snippet:-1","max-image-preview":"max-image-preview:large","max-video-preview":"max-video-preview:-1"},"canonical":"https:\/\/homeogarden.com\/sl\/politika-zasebnosti\/","og_locale":"sl_SI","og_type":"article","og_title":"Politika zasebnosti","og_description":"Uvod Dolo\u010dbe o varovanju osebnih podatkov, ki ga izvaja HomeOgarden d.o.o (v nadaljevanju HomeOgarden ali upravljavec), veljajo kot Splo\u0161ne informacije o varovanju osebnih podatkov (v nadaljevanju splo\u0161ni pogoji). Obiskovalec spletne strani se z obiskom spletne strani www.homeogarden.com strinja s spodaj navedenimi dolo\u010dili in Pogoji uporabe spletne strani. Zbrane osebne podatke bo\u00a0upravljavec porabljal izklju\u010dno za storitve, [...]","og_url":"https:\/\/homeogarden.com\/sl\/politika-zasebnosti\/","og_site_name":"Homeogarden","article_publisher":"https:\/\/www.facebook.com\/Homeogarden.slovenija","article_modified_time":"2024-11-20T20:52:34+00:00","og_image":[{"width":440,"height":427,"url":"https:\/\/homeogarden.com\/sl\/wp-content\/uploads\/sites\/2\/2024\/10\/vrtickarski-nasveti-1-440x427-1.jpg","type":"image\/jpeg"}],"twitter_card":"summary_large_image","twitter_misc":{"Est. reading time":"10 minut"},"schema":{"@context":"https:\/\/schema.org","@graph":[{"@type":"WebPage","@id":"https:\/\/homeogarden.com\/sl\/politika-zasebnosti\/","url":"https:\/\/homeogarden.com\/sl\/politika-zasebnosti\/","name":"Politika zasebnosti - Homeogarden","isPartOf":{"@id":"https:\/\/homeogarden.com\/sl\/#website"},"datePublished":"2024-11-20T09:37:50+00:00","dateModified":"2024-11-20T20:52:34+00:00","breadcrumb":{"@id":"https:\/\/homeogarden.com\/sl\/politika-zasebnosti\/#breadcrumb"},"inLanguage":"sl-SI","potentialAction":[{"@type":"ReadAction","target":["https:\/\/homeogarden.com\/sl\/politika-zasebnosti\/"]}]},{"@type":"BreadcrumbList","@id":"https:\/\/homeogarden.com\/sl\/politika-zasebnosti\/#breadcrumb","itemListElement":[{"@type":"ListItem","position":1,"name":"Domov","item":"https:\/\/homeogarden.com\/sl\/"},{"@type":"ListItem","position":2,"name":"Politika zasebnosti"}]},{"@type":"WebSite","@id":"https:\/\/homeogarden.com\/sl\/#website","url":"https:\/\/homeogarden.com\/sl\/","name":"Homeogarden.com","description":"Ustvarjamo naravno okolje","publisher":{"@id":"https:\/\/homeogarden.com\/sl\/#organization"},"potentialAction":[{"@type":"SearchAction","target":{"@type":"EntryPoint","urlTemplate":"https:\/\/homeogarden.com\/sl\/?s={search_term_string}"},"query-input":{"@type":"PropertyValueSpecification","valueRequired":true,"valueName":"search_term_string"}}],"inLanguage":"sl-SI"},{"@type":"Organization","@id":"https:\/\/homeogarden.com\/sl\/#organization","name":"Homeogarden","url":"https:\/\/homeogarden.com\/sl\/","logo":{"@type":"ImageObject","inLanguage":"sl-SI","@id":"https:\/\/homeogarden.com\/sl\/#\/schema\/logo\/image\/","url":"https:\/\/homeogarden.com\/sl\/wp-content\/uploads\/sites\/2\/2024\/12\/HomeOgarden-logo.jpg","contentUrl":"https:\/\/homeogarden.com\/sl\/wp-content\/uploads\/sites\/2\/2024\/12\/HomeOgarden-logo.jpg","width":1200,"height":1200,"caption":"Homeogarden"},"image":{"@id":"https:\/\/homeogarden.com\/sl\/#\/schema\/logo\/image\/"},"sameAs":["https:\/\/www.facebook.com\/Homeogarden.slovenija"],"email":"info@homeogarden.com","telephone":"030315522","legalName":"HomeOgarden d.o.o.","foundingDate":"2012-11-12","vatID":"si95662944","numberOfEmployees":{"@type":"QuantitativeValue","minValue":"1","maxValue":"10"}}]}},"_links":{"self":[{"href":"https:\/\/homeogarden.com\/sl\/wp-json\/wp\/v2\/pages\/160590","targetHints":{"allow":["GET"]}}],"collection":[{"href":"https:\/\/homeogarden.com\/sl\/wp-json\/wp\/v2\/pages"}],"about":[{"href":"https:\/\/homeogarden.com\/sl\/wp-json\/wp\/v2\/types\/page"}],"author":[{"embeddable":true,"href":"https:\/\/homeogarden.com\/sl\/wp-json\/wp\/v2\/users\/1"}],"replies":[{"embeddable":true,"href":"https:\/\/homeogarden.com\/sl\/wp-json\/wp\/v2\/comments?post=160590"}],"version-history":[{"count":4,"href":"https:\/\/homeogarden.com\/sl\/wp-json\/wp\/v2\/pages\/160590\/revisions"}],"predecessor-version":[{"id":160689,"href":"https:\/\/homeogarden.com\/sl\/wp-json\/wp\/v2\/pages\/160590\/revisions\/160689"}],"wp:attachment":[{"href":"https:\/\/homeogarden.com\/sl\/wp-json\/wp\/v2\/media?parent=160590"}],"curies":[{"name":"wp","href":"https:\/\/api.w.org\/{rel}","templated":true}]}}